{"id":148,"date":"2022-03-31T17:57:42","date_gmt":"2022-03-31T17:57:42","guid":{"rendered":"https:\/\/starcarracing.se\/?page_id=148"},"modified":"2023-02-24T10:23:55","modified_gmt":"2023-02-24T10:23:55","slug":"bandagar","status":"publish","type":"page","link":"https:\/\/starcarracing.se\/?page_id=148","title":{"rendered":"Bandagar"},"content":{"rendered":"\n<div class=\"wp-block-columns is-layout-flex wp-container-core-columns-is-layout-9d6595d7 wp-block-columns-is-layout-flex\">\n<div class=\"wp-block-column has-background is-layout-flow wp-block-column-is-layout-flow\" style=\"background:linear-gradient(90deg,rgb(255,0,174) 0%,rgb(0,0,0) 100%);flex-basis:25%\"><\/div>\n\n\n\n<div class=\"wp-block-column is-layout-flow wp-block-column-is-layout-flow\" style=\"flex-basis:50%\">\n<p><strong>Denna info g\u00e4ller samtliga dagar samt bana.<\/strong><br><br>Tanken \u00e4r att dagarna kommer att starta vid 09:00 och rundas av runt 17:00.<br>Lunchen \u00e4r schemalagd mellan 12:00-13:00.<\/p>\n\n\n\n<p>F\u00f6rarsammantr\u00e4de kommer att vara schemalagt 08:00, vart detta kommer att ske f\u00e5r ni information om p\u00e5 plats.<\/p>\n\n\n\n<p>P\u00e5 k\u00f6rdagarna s\u00e5 kommer det att finnas fyra olika grupper:<\/p>\n\n\n\n<p>MC L\u00e5ngsam\/Nyb\u00f6rjare (20 platser)<br>MC Snabb (25 platser)<br>Sidovagnar (10 platser)<br>Formelbilar (Formel Ford, Formel Vee) (12 platser)<\/p>\n\n\n\n<p>Varje grupp kommer att ha ca 15 minuters k\u00f6rtid.<\/p>\n\n\n\n<p>Lite ny information f\u00f6r 2023<\/p>\n\n\n\n<p>P\u00e5 grund av \u00f6kade kostnader i och med hyra av banan s\u00e5 kommer det att tillkomma en kostnad f\u00f6r el\/drift p\u00e5 200 kr p\u00e5 eventavgiften. Den \u00e4r inkluderad i priset p\u00e5 2300:-\/per tillf\u00e4lle och person -som \u00e4r eventavgiften f\u00f6r s\u00e4songen 2023. Det g\u00e5r alldeles utm\u00e4rkt att betala med Swish och detta g\u00f6rs i samband med anm\u00e4lan.<\/p>\n\n\n\n<p>Avgiften \u00e5terbetalas ej i samband med \u00e5terbud.<\/p>\n\n\n\n<p>Vi ser g\u00e4rna att ni inf\u00f6r k\u00f6rdagarna byter ut glykolen i era motorcyklar till n\u00e5got mer l\u00e4mpligt, detta f\u00f6r att vi ska slippa sanering av banan och att era fordon blir f\u00f6rst\u00f6rda. Precis som f\u00f6rra \u00e5ret s\u00e5 \u00e4r den acceptabla ljudniv\u00e5n 95DCB, s\u00e5 se g\u00e4rna \u00f6ver era fordon innan det \u00e4r dags. S\u00e5 slipper vi det tr\u00e5kiga med att n\u00e5gon m\u00e5ste avsluta sina dagar tidigare \u00e4n \u00f6nskat.<\/p>\n<\/div>\n\n\n\n<div class=\"wp-block-column has-background is-layout-flow wp-block-column-is-layout-flow\" style=\"background:linear-gradient(90deg,rgb(0,0,0) 0%,rgb(255,0,174) 100%);flex-basis:25%\"><\/div>\n<\/div>\n\n\n\n<div class=\"wp-block-cover alignfull has-parallax\" style=\"min-height:530px;aspect-ratio:unset;\"><span aria-hidden=\"true\" class=\"wp-block-cover__background has-black-background-color has-background-dim-80 has-background-dim\"><\/span><div role=\"img\" class=\"wp-block-cover__image-background wp-image-324 has-parallax\" style=\"background-position:50% 50%;background-image:url(https:\/\/starcarracing.se\/wp-content\/uploads\/2022\/04\/reynier_starcar.jpg)\"><\/div><div class=\"wp-block-cover__inner-container is-layout-flow wp-block-cover-is-layout-flow\">\n<h2 class=\"has-text-align-center wp-block-heading\" style=\"font-size:70px\">Geller\u00e5sen<\/h2>\n\n\n\n<div class=\"wp-block-media-text alignwide has-media-on-the-right is-stacked-on-mobile is-vertically-aligned-center\" style=\"grid-template-columns:auto 49%\"><div class=\"wp-block-media-text__content\">\n<h2 class=\"has-neve-text-color-color has-text-color wp-block-heading\" style=\"font-size:32px\"><strong>Karlskoga Motorstadion<\/strong><\/h2>\n\n\n\n<p class=\"has-neve-text-color-color has-text-color\" style=\"font-size:17px\">Vi k\u00f6r p\u00e5 Geller\u00e5sen f\u00f6ljande dagar 2023:<br>&#8211; Torsdag 6 Juli<br>&#8211; Torsdag 10 Augusti<br><br>Intresserad? Fyll i och skicka en f\u00f6rfr\u00e5gan!<\/p>\n\n\n\n<div class=\"wp-block-buttons is-layout-flex wp-block-buttons-is-layout-flex\"><\/div>\n<\/div><figure class=\"wp-block-media-text__media\"><img loading=\"lazy\" decoding=\"async\" width=\"520\" height=\"156\" src=\"https:\/\/starcarracing.se\/wp-content\/uploads\/2022\/03\/gellerasen.png\" alt=\"\" class=\"wp-image-131 size-full\" srcset=\"https:\/\/starcarracing.se\/wp-content\/uploads\/2022\/03\/gellerasen.png 520w, https:\/\/starcarracing.se\/wp-content\/uploads\/2022\/03\/gellerasen-300x90.png 300w\" sizes=\"auto, (max-width: 520px) 100vw, 520px\" \/><\/figure><\/div>\n\n\n\n<div class=\"wp-block-columns is-layout-flex wp-container-core-columns-is-layout-9d6595d7 wp-block-columns-is-layout-flex\">\n<div class=\"wp-block-column is-layout-flow wp-block-column-is-layout-flow\"><\/div>\n\n\n\n<div class=\"wp-block-column is-layout-flow wp-block-column-is-layout-flow\">\n<div class=\"forminator-guttenberg\"><div class=\"forminator-ui forminator-custom-form forminator-custom-form-356 forminator-design--default  forminator_ajax\" data-forminator-render=\"0\" data-form=\"forminator-module-356\" data-uid=\"69e9d78690ddc\"><br\/><\/div><form\n\t\t\t\tid=\"forminator-module-356\"\n\t\t\t\tclass=\"forminator-ui forminator-custom-form forminator-custom-form-356 forminator-design--default  forminator_ajax\"\n\t\t\t\tmethod=\"post\"\n\t\t\t\tdata-forminator-render=\"0\"\n\t\t\t\tdata-form-id=\"356\"\n\t\t\t\t data-color-option=\"default\" data-design=\"default\" data-grid=\"open\" style=\"display: none;\"\n\t\t\t\tdata-uid=\"69e9d78690ddc\"\n\t\t\t><div role=\"alert\" aria-live=\"polite\" class=\"forminator-response-message forminator-error\" aria-hidden=\"true\"><\/div><div class=\"forminator-row\"><div id=\"name-1\" class=\"forminator-field-name forminator-col forminator-col-12 \"><div class=\"forminator-row forminator-no-margin\" data-multiple=\"true\"><div class=\"forminator-col forminator-col-md-6\"><div class=\"forminator-field\"><label for=\"forminator-field-first-name-1_69e9d78690ddc\" id=\"forminator-field-first-name-1_69e9d78690ddc-label\" class=\"forminator-label\">F\u00f6rnamn:<\/label><input type=\"text\" name=\"name-1-first-name\" placeholder=\"\" id=\"forminator-field-first-name-1_69e9d78690ddc\" class=\"forminator-input\" aria-required=\"false\" data-multi=\"1\" autocomplete=\"given-name\" value=\"\" \/><\/div><\/div><div class=\"forminator-col forminator-col-md-6\"><div class=\"forminator-field\"><label for=\"forminator-field-last-name-1_69e9d78690ddc\" id=\"forminator-field-last-name-1_69e9d78690ddc-label\" class=\"forminator-label\">Efternamn:<\/label><input type=\"text\" name=\"name-1-last-name\" placeholder=\"\" id=\"forminator-field-last-name-1_69e9d78690ddc\" class=\"forminator-input\" aria-required=\"false\" data-multi=\"1\" autocomplete=\"family-name\" value=\"\" \/><\/div><\/div><\/div><\/div><\/div><div class=\"forminator-row\"><div id=\"email-1\" class=\"forminator-field-email forminator-col forminator-col-12 \"><div class=\"forminator-field\"><label for=\"forminator-field-email-1_69e9d78690ddc\" id=\"forminator-field-email-1_69e9d78690ddc-label\" class=\"forminator-label\">Din mail: <span class=\"forminator-required\">*<\/span><\/label><input type=\"email\" name=\"email-1\" value=\"\" placeholder=\"\" id=\"forminator-field-email-1_69e9d78690ddc\" class=\"forminator-input forminator-email--field\" data-required=\"true\" aria-required=\"true\" autocomplete=\"email\" \/><\/div><\/div><\/div><div class=\"forminator-row\"><div id=\"textarea-1\" class=\"forminator-field-textarea forminator-col forminator-col-12 \"><div class=\"forminator-field\"><label for=\"forminator-field-textarea-1_69e9d78690ddc\" id=\"forminator-field-textarea-1_69e9d78690ddc-label\" class=\"forminator-label\">Meddelande:<\/label><textarea name=\"textarea-1\" placeholder=\"Skriv h\u00e4r...\" id=\"forminator-field-textarea-1_69e9d78690ddc\" class=\"forminator-textarea\" rows=\"6\" style=\"--forminator-textarea-min-height:140px;\" maxlength=\"180\" ><\/textarea><span id=\"forminator-field-textarea-1_69e9d78690ddc-description\" class=\"forminator-description\"><span data-limit=\"180\" data-type=\"characters\" data-editor=\"\">0 \/ 180<\/span><\/span><\/div><\/div><\/div><input type=\"hidden\" name=\"referer_url\" value=\"\" \/><div class=\"forminator-row forminator-row-last\"><div class=\"forminator-col\"><div class=\"forminator-field\"><button class=\"forminator-button forminator-button-submit\">Skicka<\/button><\/div><\/div><\/div><input type=\"hidden\" id=\"forminator_nonce\" name=\"forminator_nonce\" value=\"efd96a5e86\" \/><input type=\"hidden\" name=\"_wp_http_referer\" value=\"\/index.php?rest_route=%2Fwp%2Fv2%2Fpages%2F148\" \/><input type=\"hidden\" name=\"form_id\" value=\"356\"><input type=\"hidden\" name=\"page_id\" value=\"148\"><input type=\"hidden\" name=\"form_type\" value=\"default\"><input type=\"hidden\" name=\"current_url\" value=\"https:\/\/starcarracing.se\/?page_id=148\"><input type=\"hidden\" name=\"render_id\" value=\"0\"><input type=\"hidden\" name=\"action\" value=\"forminator_submit_form_custom-forms\"><label for=\"input_4\" class=\"forminator-hidden\" aria-hidden=\"true\">Please do not fill in this field. <input id=\"input_4\" type=\"text\" name=\"input_4\" value=\"\" autocomplete=\"off\"><\/label><\/form><\/div>\n<\/div>\n\n\n\n<div class=\"wp-block-column is-layout-flow wp-block-column-is-layout-flow\"><\/div>\n<\/div>\n<\/div><\/div>\n\n\n\n<div style=\"height:24px\" aria-hidden=\"true\" class=\"wp-block-spacer\"><\/div>\n\n\n\n<hr class=\"wp-block-separator has-text-color has-css-opacity has-background is-style-default\" style=\"background-color:#ff00ae;color:#ff00ae\"\/>\n\n\n\n<div style=\"height:10px\" aria-hidden=\"true\" class=\"wp-block-spacer\"><\/div>\n\n\n\n<div class=\"wp-block-cover alignfull has-parallax\" style=\"min-height:530px;aspect-ratio:unset;\"><span aria-hidden=\"true\" class=\"wp-block-cover__background has-black-background-color has-background-dim-80 has-background-dim\"><\/span><div role=\"img\" class=\"wp-block-cover__image-background wp-image-324 has-parallax\" style=\"background-position:50% 50%;background-image:url(https:\/\/starcarracing.se\/wp-content\/uploads\/2022\/04\/reynier_starcar.jpg)\"><\/div><div class=\"wp-block-cover__inner-container is-layout-flow wp-block-cover-is-layout-flow\">\n<h1 class=\"has-text-align-center wp-block-heading\" style=\"font-size:70px\">Sviestad<\/h1>\n\n\n\n<div class=\"wp-block-media-text alignwide is-stacked-on-mobile is-vertically-aligned-center\" style=\"grid-template-columns:49% auto\"><figure class=\"wp-block-media-text__media\"><img loading=\"lazy\" decoding=\"async\" width=\"520\" height=\"156\" src=\"https:\/\/starcarracing.se\/wp-content\/uploads\/2022\/03\/sviestad.png\" alt=\"\" class=\"wp-image-132 size-full\" srcset=\"https:\/\/starcarracing.se\/wp-content\/uploads\/2022\/03\/sviestad.png 520w, https:\/\/starcarracing.se\/wp-content\/uploads\/2022\/03\/sviestad-300x90.png 300w\" sizes=\"auto, (max-width: 520px) 100vw, 520px\" \/><\/figure><div class=\"wp-block-media-text__content\">\n<h2 class=\"has-neve-text-color-color has-text-color wp-block-heading\" style=\"font-size:32px\"><strong>Link\u00f6pings Motorstadion<\/strong><\/h2>\n\n\n\n<p class=\"has-neve-text-color-color has-text-color\" style=\"font-size:17px\">&#8211; Torsdag 26 Maj<br>&#8211; Fredag 28 Juli<br><br>Intresserad? Fyll i och skicka en f\u00f6rfr\u00e5gan!<\/p>\n\n\n\n<div class=\"wp-block-buttons is-layout-flex wp-block-buttons-is-layout-flex\"><\/div>\n<\/div><\/div>\n\n\n\n<div style=\"height:10px\" aria-hidden=\"true\" class=\"wp-block-spacer\"><\/div>\n\n\n\n<div class=\"wp-block-columns is-layout-flex wp-container-core-columns-is-layout-9d6595d7 wp-block-columns-is-layout-flex\">\n<div class=\"wp-block-column is-layout-flow wp-block-column-is-layout-flow\"><\/div>\n\n\n\n<div class=\"wp-block-column is-layout-flow wp-block-column-is-layout-flow\">\n<div class=\"forminator-guttenberg\"><div class=\"forminator-ui forminator-custom-form forminator-custom-form-356 forminator-design--default  forminator_ajax\" data-forminator-render=\"1\" data-form=\"forminator-module-356\" data-uid=\"69e9d7869472c\"><br\/><\/div><form\n\t\t\t\tid=\"forminator-module-356\"\n\t\t\t\tclass=\"forminator-ui forminator-custom-form forminator-custom-form-356 forminator-design--default  forminator_ajax\"\n\t\t\t\tmethod=\"post\"\n\t\t\t\tdata-forminator-render=\"1\"\n\t\t\t\tdata-form-id=\"356\"\n\t\t\t\t data-color-option=\"default\" data-design=\"default\" data-grid=\"open\" style=\"display: none;\"\n\t\t\t\tdata-uid=\"69e9d7869472c\"\n\t\t\t><div role=\"alert\" aria-live=\"polite\" class=\"forminator-response-message forminator-error\" aria-hidden=\"true\"><\/div><div class=\"forminator-row\"><div id=\"name-1\" class=\"forminator-field-name forminator-col forminator-col-12 \"><div class=\"forminator-row forminator-no-margin\" data-multiple=\"true\"><div class=\"forminator-col forminator-col-md-6\"><div class=\"forminator-field\"><label for=\"forminator-field-first-name-1_69e9d7869472c\" id=\"forminator-field-first-name-1_69e9d7869472c-label\" class=\"forminator-label\">F\u00f6rnamn:<\/label><input type=\"text\" name=\"name-1-first-name\" placeholder=\"\" id=\"forminator-field-first-name-1_69e9d7869472c\" class=\"forminator-input\" aria-required=\"false\" data-multi=\"1\" autocomplete=\"given-name\" value=\"\" \/><\/div><\/div><div class=\"forminator-col forminator-col-md-6\"><div class=\"forminator-field\"><label for=\"forminator-field-last-name-1_69e9d7869472c\" id=\"forminator-field-last-name-1_69e9d7869472c-label\" class=\"forminator-label\">Efternamn:<\/label><input type=\"text\" name=\"name-1-last-name\" placeholder=\"\" id=\"forminator-field-last-name-1_69e9d7869472c\" class=\"forminator-input\" aria-required=\"false\" data-multi=\"1\" autocomplete=\"family-name\" value=\"\" \/><\/div><\/div><\/div><\/div><\/div><div class=\"forminator-row\"><div id=\"email-1\" class=\"forminator-field-email forminator-col forminator-col-12 \"><div class=\"forminator-field\"><label for=\"forminator-field-email-1_69e9d7869472c\" id=\"forminator-field-email-1_69e9d7869472c-label\" class=\"forminator-label\">Din mail: <span class=\"forminator-required\">*<\/span><\/label><input type=\"email\" name=\"email-1\" value=\"\" placeholder=\"\" id=\"forminator-field-email-1_69e9d7869472c\" class=\"forminator-input forminator-email--field\" data-required=\"true\" aria-required=\"true\" autocomplete=\"email\" \/><\/div><\/div><\/div><div class=\"forminator-row\"><div id=\"textarea-1\" class=\"forminator-field-textarea forminator-col forminator-col-12 \"><div class=\"forminator-field\"><label for=\"forminator-field-textarea-1_69e9d7869472c\" id=\"forminator-field-textarea-1_69e9d7869472c-label\" class=\"forminator-label\">Meddelande:<\/label><textarea name=\"textarea-1\" placeholder=\"Skriv h\u00e4r...\" id=\"forminator-field-textarea-1_69e9d7869472c\" class=\"forminator-textarea\" rows=\"6\" style=\"--forminator-textarea-min-height:140px;\" maxlength=\"180\" ><\/textarea><span id=\"forminator-field-textarea-1_69e9d7869472c-description\" class=\"forminator-description\"><span data-limit=\"180\" data-type=\"characters\" data-editor=\"\">0 \/ 180<\/span><\/span><\/div><\/div><\/div><input type=\"hidden\" name=\"referer_url\" value=\"\" \/><div class=\"forminator-row forminator-row-last\"><div class=\"forminator-col\"><div class=\"forminator-field\"><button class=\"forminator-button forminator-button-submit\">Skicka<\/button><\/div><\/div><\/div><input type=\"hidden\" id=\"forminator_nonce\" name=\"forminator_nonce\" value=\"efd96a5e86\" \/><input type=\"hidden\" name=\"_wp_http_referer\" value=\"\/index.php?rest_route=%2Fwp%2Fv2%2Fpages%2F148\" \/><input type=\"hidden\" name=\"form_id\" value=\"356\"><input type=\"hidden\" name=\"page_id\" value=\"148\"><input type=\"hidden\" name=\"form_type\" value=\"default\"><input type=\"hidden\" name=\"current_url\" value=\"https:\/\/starcarracing.se\/?page_id=148\"><input type=\"hidden\" name=\"render_id\" value=\"1\"><input type=\"hidden\" name=\"action\" value=\"forminator_submit_form_custom-forms\"><label for=\"input_4\" class=\"forminator-hidden\" aria-hidden=\"true\">Please do not fill in this field. <input id=\"input_4\" type=\"text\" name=\"input_4\" value=\"\" autocomplete=\"off\"><\/label><label for=\"input_4\" class=\"forminator-hidden\" aria-hidden=\"true\">Please do not fill in this field. <input id=\"input_4\" type=\"text\" name=\"input_4\" value=\"\" autocomplete=\"off\"><\/label><\/form><\/div>\n<\/div>\n\n\n\n<div class=\"wp-block-column is-layout-flow wp-block-column-is-layout-flow\"><\/div>\n<\/div>\n<\/div><\/div>\n","protected":false},"excerpt":{"rendered":"<p>Denna info g\u00e4ller samtliga dagar samt bana. Tanken \u00e4r att dagarna kommer att starta vid 09:00 och rundas av runt 17:00.Lunchen \u00e4r schemalagd mellan 12:00-13:00. F\u00f6rarsammantr\u00e4de kommer att vara schemalagt 08:00, vart detta kommer att ske f\u00e5r ni information om p\u00e5 plats. P\u00e5 k\u00f6rdagarna s\u00e5 kommer det att finnas fyra olika grupper: MC L\u00e5ngsam\/Nyb\u00f6rjare (20&hellip;&nbsp;<a href=\"https:\/\/starcarracing.se\/?page_id=148\" rel=\"bookmark\">L\u00e4s mer &raquo;<span class=\"screen-reader-text\">Bandagar<\/span><\/a><\/p>\n","protected":false},"author":1,"featured_media":0,"parent":0,"menu_order":0,"comment_status":"closed","ping_status":"open","template":"page-templates\/template-pagebuilder-full-width.php","meta":{"neve_meta_sidebar":"","neve_meta_container":"default","neve_meta_enable_content_width":"","neve_meta_content_width":0,"neve_meta_title_alignment":"left","neve_meta_author_avatar":"","neve_post_elements_order":"","neve_meta_disable_header":"","neve_meta_disable_footer":"","neve_meta_disable_title":"","footnotes":""},"class_list":["post-148","page","type-page","status-publish","hentry"],"_links":{"self":[{"href":"https:\/\/starcarracing.se\/index.php?rest_route=\/wp\/v2\/pages\/148","targetHints":{"allow":["GET"]}}],"collection":[{"href":"https:\/\/starcarracing.se\/index.php?rest_route=\/wp\/v2\/pages"}],"about":[{"href":"https:\/\/starcarracing.se\/index.php?rest_route=\/wp\/v2\/types\/page"}],"author":[{"embeddable":true,"href":"https:\/\/starcarracing.se\/index.php?rest_route=\/wp\/v2\/users\/1"}],"replies":[{"embeddable":true,"href":"https:\/\/starcarracing.se\/index.php?rest_route=%2Fwp%2Fv2%2Fcomments&post=148"}],"version-history":[{"count":67,"href":"https:\/\/starcarracing.se\/index.php?rest_route=\/wp\/v2\/pages\/148\/revisions"}],"predecessor-version":[{"id":457,"href":"https:\/\/starcarracing.se\/index.php?rest_route=\/wp\/v2\/pages\/148\/revisions\/457"}],"wp:attachment":[{"href":"https:\/\/starcarracing.se\/index.php?rest_route=%2Fwp%2Fv2%2Fmedia&parent=148"}],"curies":[{"name":"wp","href":"https:\/\/api.w.org\/{rel}","templated":true}]}}