{"id":224,"date":"2022-03-31T21:47:09","date_gmt":"2022-03-31T21:47:09","guid":{"rendered":"https:\/\/starcarracing.se\/?page_id=224"},"modified":"2022-04-01T12:22:51","modified_gmt":"2022-04-01T12:22:51","slug":"vattenpolering","status":"publish","type":"page","link":"https:\/\/starcarracing.se\/?page_id=224","title":{"rendered":"Vattenpolering"},"content":{"rendered":"\n<div class=\"wp-block-cover alignfull\"><span aria-hidden=\"true\" class=\"has-black-background-color has-background-dim-80 wp-block-cover__gradient-background has-background-dim\"><\/span><img loading=\"lazy\" decoding=\"async\" width=\"768\" height=\"1024\" class=\"wp-block-cover__image-background wp-image-324\" alt=\"\" src=\"https:\/\/starcarracing.se\/wp-content\/uploads\/2022\/04\/reynier_starcar.jpg\" style=\"object-position:50% 65%\" data-object-fit=\"cover\" data-object-position=\"50% 65%\" srcset=\"https:\/\/starcarracing.se\/wp-content\/uploads\/2022\/04\/reynier_starcar.jpg 768w, https:\/\/starcarracing.se\/wp-content\/uploads\/2022\/04\/reynier_starcar-225x300.jpg 225w, https:\/\/starcarracing.se\/wp-content\/uploads\/2022\/04\/reynier_starcar-600x800.jpg 600w\" sizes=\"auto, (max-width: 768px) 100vw, 768px\" \/><div class=\"wp-block-cover__inner-container is-layout-flow wp-block-cover-is-layout-flow\">\n<div class=\"wp-block-columns alignwide is-layout-flex wp-container-core-columns-is-layout-9d6595d7 wp-block-columns-is-layout-flex\">\n<div class=\"wp-block-column is-vertically-aligned-bottom is-layout-flow wp-block-column-is-layout-flow\">\n<div style=\"height:71px\" aria-hidden=\"true\" class=\"wp-block-spacer\"><\/div>\n\n\n\n<p class=\"has-white-color has-text-color\" style=\"font-size:58px;line-height:1.1\"><strong>Vattenpolering.<\/strong><\/p>\n<\/div>\n<\/div>\n\n\n\n<hr class=\"wp-block-separator has-text-color has-background has-neve-link-color-background-color has-neve-link-color-color\"\/>\n\n\n\n<div class=\"wp-block-columns alignwide is-layout-flex wp-container-core-columns-is-layout-9d6595d7 wp-block-columns-is-layout-flex\">\n<div class=\"wp-block-column is-layout-flow wp-block-column-is-layout-flow\" style=\"flex-basis:33.38%\">\n<p class=\"has-white-color has-text-color has-extra-small-font-size\">Vattenpolering, \u00e4ven kallat bl\u00e4string \u00e4r en process d\u00e4r vatten fungerar som huvudkomponent och med en artikel gjord av blandat media. \u00c4mnena sprayas med denna blandning under h\u00f6gt tryck och j\u00e4mf\u00f6rt med andra k\u00e4nda metoder \u00e4r detta inte aggressivt p\u00e5 ytan. Rester av bl\u00e5smaterial \u00e4r inte inb\u00e4ddade i ytan, lagerpassningar p\u00e5verkas inte och ytan verkar t\u00e4t, smutsavvisande och l\u00e4tt att h\u00e5lla ren.<\/p>\n\n\n\n<p class=\"has-white-color has-text-color has-extra-small-font-size\"><\/p>\n\n\n\n<div class=\"wp-block-buttons is-layout-flex wp-block-buttons-is-layout-flex\">\n<div class=\"wp-block-button is-style-primary\"><a class=\"wp-block-button__link\" href=\"mailto:micke@starcarracing.se?subject=Vattenpolering\">Maila f\u00f6r info<\/a><\/div>\n<\/div>\n<\/div>\n\n\n\n<div class=\"wp-block-column is-layout-flow wp-block-column-is-layout-flow\" style=\"flex-basis:33%\">\n<div style=\"height:100px\" aria-hidden=\"true\" class=\"wp-block-spacer\"><\/div>\n\n\n\n<figure class=\"wp-block-image size-large\"><img loading=\"lazy\" decoding=\"async\" width=\"698\" height=\"1024\" src=\"https:\/\/starcarracing.se\/wp-content\/uploads\/2022\/03\/waterpolish_144-698x1024.png\" alt=\"\" class=\"wp-image-223\" srcset=\"https:\/\/starcarracing.se\/wp-content\/uploads\/2022\/03\/waterpolish_144-698x1024.png 698w, https:\/\/starcarracing.se\/wp-content\/uploads\/2022\/03\/waterpolish_144-205x300.png 205w, https:\/\/starcarracing.se\/wp-content\/uploads\/2022\/03\/waterpolish_144-768x1127.png 768w, https:\/\/starcarracing.se\/wp-content\/uploads\/2022\/03\/waterpolish_144-1047x1536.png 1047w, https:\/\/starcarracing.se\/wp-content\/uploads\/2022\/03\/waterpolish_144-600x880.png 600w, https:\/\/starcarracing.se\/wp-content\/uploads\/2022\/03\/waterpolish_144.png 1073w\" sizes=\"auto, (max-width: 698px) 100vw, 698px\" \/><\/figure>\n<\/div>\n\n\n\n<div class=\"wp-block-column is-layout-flow wp-block-column-is-layout-flow\" style=\"flex-basis:33.62%\">\n<figure class=\"wp-block-image size-full is-resized\"><img loading=\"lazy\" decoding=\"async\" src=\"https:\/\/starcarracing.se\/wp-content\/uploads\/2022\/03\/turbo.png\" alt=\"\" class=\"wp-image-225\" width=\"350\" height=\"293\" srcset=\"https:\/\/starcarracing.se\/wp-content\/uploads\/2022\/03\/turbo.png 722w, https:\/\/starcarracing.se\/wp-content\/uploads\/2022\/03\/turbo-300x251.png 300w, https:\/\/starcarracing.se\/wp-content\/uploads\/2022\/03\/turbo-600x501.png 600w\" sizes=\"auto, (max-width: 350px) 100vw, 350px\" \/><\/figure>\n\n\n\n<p>Den perfekta l\u00f6sningen p\u00e5 aluminium, rostfritt st\u00e5l, m\u00e4ssing, brons, titan, magnesium, koppar, plast, gummi och andra material. Det enda s\u00e4ttet att f\u00e5 objekt att se ut som nya. Det \u00e4r oumb\u00e4rligt vid renovering av bilar, motorcyklar, mekanik mm. Kan med f\u00f6rdel anv\u00e4ndas f\u00f6r att skapa en enhetlig professionell satinfinish \u00e4ven p\u00e5 nyproducerade komponenter och \u00e4r samtidigt mycket effektivt samt skonsamt mot komponenterna utan att ta bort material fr\u00e5n arbetsstyckena.<br>Ytorna \u00e5terst\u00e4lls i ursprungsskick.<\/p>\n<\/div>\n<\/div>\n\n\n\n<hr class=\"wp-block-separator has-text-color has-background has-neve-link-color-background-color has-neve-link-color-color\"\/>\n\n\n\n<div class=\"wp-block-columns alignwide is-layout-flex wp-container-core-columns-is-layout-9d6595d7 wp-block-columns-is-layout-flex\">\n<div class=\"wp-block-column is-layout-flow wp-block-column-is-layout-flow\" style=\"flex-basis:67%\">\n<div class=\"wp-block-image\"><figure class=\"aligncenter size-full is-resized\"><img loading=\"lazy\" decoding=\"async\" src=\"https:\/\/starcarracing.se\/wp-content\/uploads\/2022\/03\/vixen.png\" alt=\"\" class=\"wp-image-226\" width=\"472\" height=\"124\" srcset=\"https:\/\/starcarracing.se\/wp-content\/uploads\/2022\/03\/vixen.png 677w, https:\/\/starcarracing.se\/wp-content\/uploads\/2022\/03\/vixen-300x79.png 300w, https:\/\/starcarracing.se\/wp-content\/uploads\/2022\/03\/vixen-600x158.png 600w\" sizes=\"auto, (max-width: 472px) 100vw, 472px\" \/><\/figure><\/div>\n<\/div>\n\n\n\n<div class=\"wp-block-column is-vertically-aligned-center is-layout-flow wp-block-column-is-layout-flow\" style=\"flex-basis:33%\">\n<h1 class=\"has-text-align-center wp-block-heading\" style=\"font-size:25px\">It&#8217;s time you came clean with us!<\/h1>\n<\/div>\n<\/div>\n\n\n\n<div style=\"height:18px\" aria-hidden=\"true\" class=\"wp-block-spacer\"><\/div>\n<\/div><\/div>\n","protected":false},"excerpt":{"rendered":"","protected":false},"author":1,"featured_media":0,"parent":0,"menu_order":0,"comment_status":"closed","ping_status":"closed","template":"","meta":{"neve_meta_sidebar":"","neve_meta_container":"","neve_meta_enable_content_width":"","neve_meta_content_width":0,"neve_meta_title_alignment":"","neve_meta_author_avatar":"","neve_post_elements_order":"","neve_meta_disable_header":"","neve_meta_disable_footer":"","neve_meta_disable_title":"on","footnotes":""},"class_list":["post-224","page","type-page","status-publish","hentry"],"_links":{"self":[{"href":"https:\/\/starcarracing.se\/index.php?rest_route=\/wp\/v2\/pages\/224","targetHints":{"allow":["GET"]}}],"collection":[{"href":"https:\/\/starcarracing.se\/index.php?rest_route=\/wp\/v2\/pages"}],"about":[{"href":"https:\/\/starcarracing.se\/index.php?rest_route=\/wp\/v2\/types\/page"}],"author":[{"embeddable":true,"href":"https:\/\/starcarracing.se\/index.php?rest_route=\/wp\/v2\/users\/1"}],"replies":[{"embeddable":true,"href":"https:\/\/starcarracing.se\/index.php?rest_route=%2Fwp%2Fv2%2Fcomments&post=224"}],"version-history":[{"count":24,"href":"https:\/\/starcarracing.se\/index.php?rest_route=\/wp\/v2\/pages\/224\/revisions"}],"predecessor-version":[{"id":327,"href":"https:\/\/starcarracing.se\/index.php?rest_route=\/wp\/v2\/pages\/224\/revisions\/327"}],"wp:attachment":[{"href":"https:\/\/starcarracing.se\/index.php?rest_route=%2Fwp%2Fv2%2Fmedia&parent=224"}],"curies":[{"name":"wp","href":"https:\/\/api.w.org\/{rel}","templated":true}]}}